{"id":6389,"date":"2026-02-26T16:42:10","date_gmt":"2026-02-26T16:42:10","guid":{"rendered":"https:\/\/rutasmarbella.com\/product\/boat-tour-marbella\/"},"modified":"2026-03-11T15:41:42","modified_gmt":"2026-03-11T15:41:42","slug":"libertad-boat-tour-marbella","status":"publish","type":"product","link":"https:\/\/rutasmarbella.com\/fr\/produit\/libertad-boat-tour-marbella\/","title":{"rendered":"Excursion en bateau \u00e0 Libertad avec Sea Ray 220 SD"},"content":{"rendered":"<p><strong>D\u00e9couvrez le magnifique littoral de la Costa del Sol depuis la mer gr\u00e2ce \u00e0 notre excursion en bateau \u00e0 Marbella.<\/strong><\/p>\n<p>Naviguez sur la Costa del Sol \u00e0 bord du dynamique Sea Ray 220 SD, un bateau \u00e9l\u00e9gant et performant con\u00e7u pour la d\u00e9tente et l'aventure. D\u00e9couvrez des plages isol\u00e9es, profitez du soleil ou laissez les douces vagues et la brise marine emporter vos soucis lors d'une journ\u00e9e m\u00e9morable sur la M\u00e9diterran\u00e9e.<\/p>\n<p>Profitez d'une excursion en bateau priv\u00e9 le long de la c\u00f4te m\u00e9diterran\u00e9enne avec des vues \u00e0 couper le souffle sur la ligne d'horizon de Marbella, la montagne de La Concha et les plages dor\u00e9es. Parfait pour les couples, les familles ou les groupes d'amis \u00e0 la recherche d'une journ\u00e9e de d\u00e9tente sur l'eau.<\/p>\n<div class=\"row\">\n<div class=\"col-md-6 mb-4\">\n<div class=\"font-weight-bold text-dark mb-2\">Point de d\u00e9part<\/div>\n<div class=\"text-gray-1\">Puerto Deportivo de Marbella<\/div>\n<\/div>\n<div class=\"col-md-6 mb-4\">\n<div class=\"font-weight-bold text-dark mb-2\">Capacit\u00e9<\/div>\n<div class=\"text-gray-1\">Bateau priv\u00e9 pour votre groupe<\/div>\n<\/div>\n<div class=\"col-md-6 mb-4\">\n<div class=\"font-weight-bold text-dark mb-3\">Le prix comprend<\/div>\n<div class=\"flex-horizontal-center mb-3 text-gray-1\"><i class=\"flaticon-tick mr-3 font-size-16 text-primary\"><\/i>Bateau priv\u00e9 avec capitaine<\/div>\n<div class=\"flex-horizontal-center mb-3 text-gray-1\"><i class=\"flaticon-tick mr-3 font-size-16 text-primary\"><\/i>Carburant<\/div>\n<div class=\"flex-horizontal-center mb-3 text-gray-1\"><i class=\"flaticon-tick mr-3 font-size-16 text-primary\"><\/i>Arr\u00eats de baignade<\/div>\n<div class=\"flex-horizontal-center mb-3 text-gray-1\"><i class=\"flaticon-tick mr-3 font-size-16 text-primary\"><\/i>\u00c9quipements de s\u00e9curit\u00e9<\/div>\n<\/div>\n<div class=\"col-md-6 mb-4\">\n<div class=\"font-weight-bold text-dark mb-3\">Le prix ne comprend pas<\/div>\n<div class=\"flex-horizontal-center mb-3 text-gray-1\"><i class=\"flaticon-close mr-3 font-size-12 text-primary\"><\/i>Nourriture et boissons<\/div>\n<div class=\"flex-horizontal-center mb-3 text-gray-1\"><i class=\"flaticon-close mr-3 font-size-12 text-primary\"><\/i>Pourboires<\/div>\n<\/div>\n<\/div>\n<h3>Faire une r\u00e9servation<\/h3>\n\n<div id=\"bb-wrap\" data-boat=\"libertad\">\n\n\n<div class=\"bb-steps\">\n    <div class=\"bb-step active\" data-step=\"1\"><span>1<\/span> Skipper<\/div>\n    <div class=\"bb-step\"        data-step=\"2\"><span>2<\/span> Date<\/div>\n    <div class=\"bb-step\"        data-step=\"3\"><span>3<\/span> Temps et dur\u00e9e<\/div>\n    <div class=\"bb-step\"        data-step=\"4\"><span>4<\/span> Vos coordonn\u00e9es<\/div>\n    <div class=\"bb-step\"        data-step=\"5\"><span>5<\/span> Paiement<\/div>\n<\/div>\n\n<!-- STEP 1 \u2013 Skipper -->\n<div class=\"bb-panel\" id=\"bb-step-1\">\n    <h3>Avez-vous besoin d'un skipper ?<\/h3>\n    <p class=\"bb-step-intro\">Notre skipper est un professionnel certifi\u00e9. Si l'un des membres de votre groupe poss\u00e8de un permis bateau valide, vous pouvez naviguer sans skipper.<\/p>\n\n    <div class=\"bb-skipper-cards\">\n        <div class=\"bb-skipper-card selected\" id=\"bb-card-yes\" data-skipper=\"1\">\n            <div class=\"bb-skipper-card-icon\">\u2693<\/div>\n            <div class=\"bb-skipper-card-title\">Avec le skipper<\/div>\n            <div class=\"bb-skipper-card-desc\">\n                Notre skipper professionnel s'occupe de tout<br>\n                <strong>Max 7 passagers<\/strong><br>\n                <span class=\"bb-skipper-extra\">+20\u20ac\/heure (pay\u00e9 au port)<\/span>\n            <\/div>\n            <div class=\"bb-skipper-card-check\">\u2713<\/div>\n        <\/div>\n        <div class=\"bb-skipper-card\" id=\"bb-card-no\" data-skipper=\"0\">\n            <div class=\"bb-skipper-card-icon\">\ud83d\udea4<\/div>\n            <div class=\"bb-skipper-card-title\">Sans skipper<\/div>\n            <div class=\"bb-skipper-card-desc\">\n                Un membre de votre groupe poss\u00e8de un permis bateau complet<br>\n                <strong>8 passagers au maximum<\/strong><br>\n                <span class=\"bb-skipper-extra\">Sans frais suppl\u00e9mentaires<\/span>\n            <\/div>\n            <div class=\"bb-skipper-card-check\">\u2713<\/div>\n        <\/div>\n    <\/div>\n\n    <div class=\"bb-price-table\">\n        <h4>Aper\u00e7u des prix<\/h4>\n        <table>\n            <thead><tr><th>Dur\u00e9e de l'accord<\/th><th>Prix du bateau<\/th><th>+ Skipper (au port)<\/th><\/tr><\/thead>\n            <tbody>\n                                <tr>\n                    <td>2 heures<\/td>\n                    <td>\u20ac300<\/td>\n                    <td class=\"bb-ptable-skipper-col\">+\u20ac40<\/td>\n                <\/tr>\n                                <tr>\n                    <td>3 heures<\/td>\n                    <td>\u20ac350<\/td>\n                    <td class=\"bb-ptable-skipper-col\">+\u20ac60<\/td>\n                <\/tr>\n                                <tr>\n                    <td>4 heures<\/td>\n                    <td>\u20ac400<\/td>\n                    <td class=\"bb-ptable-skipper-col\">+\u20ac80<\/td>\n                <\/tr>\n                                <tr>\n                    <td>5 heures<\/td>\n                    <td>\u20ac450<\/td>\n                    <td class=\"bb-ptable-skipper-col\">+\u20ac100<\/td>\n                <\/tr>\n                                <tr>\n                    <td>6 heures<\/td>\n                    <td>\u20ac500<\/td>\n                    <td class=\"bb-ptable-skipper-col\">+\u20ac120<\/td>\n                <\/tr>\n                                <tr>\n                    <td>7 heures<\/td>\n                    <td>\u20ac550<\/td>\n                    <td class=\"bb-ptable-skipper-col\">+\u20ac140<\/td>\n                <\/tr>\n                                <tr>\n                    <td>8 heures<\/td>\n                    <td>\u20ac600<\/td>\n                    <td class=\"bb-ptable-skipper-col\">+\u20ac160<\/td>\n                <\/tr>\n                            <\/tbody>\n        <\/table>\n    <\/div>\n\n    <button class=\"bb-btn bb-btn-primary bb-btn-next\" id=\"bb-next-1\" type=\"button\">Continuer \u00e0 s\u00e9lectionner la date \u2192<\/button>\n<\/div>\n\n<!-- STEP 2 \u2013 Calendar -->\n<div class=\"bb-panel hidden\" id=\"bb-step-2\">\n    <button class=\"bb-back\" type=\"button\" data-goto=\"1\">\u2190 Retour<\/button>\n    <h3>S\u00e9lectionner une date<\/h3>\n    <div class=\"bb-skipper-badge\" id=\"bb-skipper-badge\"><\/div>\n    <div id=\"bb-calendar\">\n        <div class=\"bb-cal-nav\">\n            <button class=\"bb-cal-prev\" type=\"button\">\u2190<\/button>\n            <span id=\"bb-cal-title\"><\/span>\n            <button class=\"bb-cal-next\" type=\"button\">\u2192<\/button>\n        <\/div>\n        <div class=\"bb-cal-legend\">\n            <span class=\"l-avail\">Disponible<\/span>\n            <span class=\"l-partial\">Partiel<\/span>\n            <span class=\"l-full\">Complet<\/span>\n        <\/div>\n        <div id=\"bb-cal-grid\"><\/div>\n    <\/div>\n<\/div>\n\n<!-- STEP 3 \u2013 Time & Duration -->\n<div class=\"bb-panel hidden\" id=\"bb-step-3\">\n    <button class=\"bb-back\" type=\"button\" data-goto=\"2\">\u2190 Retour<\/button>\n    <h3>S\u00e9lectionner l'heure et la dur\u00e9e<\/h3>\n    <p class=\"bb-chosen-date\"><\/p>\n    <label>Heure de d\u00e9but <span class=\"req\">*<\/span><\/label>\n    <div id=\"bb-time-slots\"><\/div>\n    <div id=\"bb-duration-row\" class=\"hidden\">\n        <label>Dur\u00e9e de l'accord <span class=\"req\">*<\/span><\/label>\n        <div id=\"bb-duration-slots\"><\/div>\n    <\/div>\n    <div id=\"bb-price-preview\" class=\"hidden\">\n        <div class=\"bb-price-box\" id=\"bb-price-label\"><\/div>\n    <\/div>\n    <button class=\"bb-btn bb-btn-primary bb-btn-next hidden\" id=\"bb-next-3\" type=\"button\">Continuer \u2192<\/button>\n<\/div>\n\n<!-- STEP 4 \u2013 Details -->\n<div class=\"bb-panel hidden\" id=\"bb-step-4\">\n    <button class=\"bb-back\" type=\"button\" data-goto=\"3\">\u2190 Retour<\/button>\n    <h3>Vos coordonn\u00e9es<\/h3>\n    <div id=\"bb-booking-summary\"><\/div>\n    <div class=\"bb-field-row\">\n        <div class=\"bb-field\"><label>Nom complet <span class=\"req\">*<\/span><\/label><input type=\"text\" id=\"bb-name\" placeholder=\"John Smith\" required><\/div>\n        <div class=\"bb-field\"><label>Courriel <span class=\"req\">*<\/span><\/label><input type=\"email\" id=\"bb-email\" placeholder=\"you@example.com\" required><\/div>\n    <\/div>\n    <div class=\"bb-field-row\">\n        <div class=\"bb-field\"><label>T\u00e9l\u00e9phone<\/label><input type=\"tel\" id=\"bb-phone\" placeholder=\"+34 600 000 000\"><\/div>\n        <div class=\"bb-field\"><label>Nombre de passagers <span class=\"req\">*<\/span><\/label><select id=\"bb-people\"><\/select><\/div>\n    <\/div>\n    <div class=\"bb-field\"><label>Notes compl\u00e9mentaires<\/label><textarea id=\"bb-notes\" rows=\"3\" placeholder=\"Y a-t-il quelque chose que nous devrions savoir ?\"><\/textarea><\/div>\n    <div id=\"bb-error-msg\" class=\"bb-error hidden\"><\/div>\n    <button class=\"bb-btn bb-btn-primary\" id=\"bb-submit\" type=\"button\">Proc\u00e9der au paiement \u2192<\/button>\n<\/div>\n\n<!-- STEP 5 \u2013 Redsys -->\n<div class=\"bb-panel hidden\" id=\"bb-step-5\">\n    <div class=\"bb-spinner-wrap\"><div class=\"bb-spinner\"><\/div><p>Redirection vers le paiement s\u00e9curis\u00e9...<\/p><\/div>\n<\/div>\n\n<\/div>","protected":false},"excerpt":{"rendered":"Explore the Costa del Sol from the sea on a private boat tour in Marbella. Enjoy stunning coastal views, swimming stops, and a relaxing day on the Mediterranean. No license needed.","protected":false},"featured_media":6436,"template":"","meta":{"_acf_changed":false},"product_brand":[],"product_cat":[87,34],"product_tag":[],"class_list":{"0":"post-6389","1":"product","2":"type-product","3":"status-publish","4":"has-post-thumbnail","6":"product_format-product-format-tour","7":"product_cat-boat","8":"product_cat-tour","10":"first","11":"instock","12":"shipping-taxable","13":"product-type-simple"},"yoast_head":"<!-- This site is optimized with the Yoast SEO plugin v27.0 - https:\/\/yoast.com\/product\/yoast-seo-wordpress\/ -->\n<title>Libertad Boat Tour with Sea Ray 220 SD - Rutas Marbella<\/title>\n<meta name=\"robots\" content=\"index, follow, max-snippet:-1, max-image-preview:large, max-video-preview:-1\" \/>\n<link rel=\"canonical\" href=\"https:\/\/rutasmarbella.com\/fr\/produit\/libertad-boat-tour-marbella\/\" \/>\n<meta property=\"og:locale\" content=\"fr_FR\" \/>\n<meta property=\"og:type\" content=\"article\" \/>\n<meta property=\"og:title\" content=\"Libertad Boat Tour with Sea Ray 220 SD - Rutas Marbella\" \/>\n<meta property=\"og:description\" content=\"Explore the Costa del Sol from the sea on a private boat tour in Marbella. Enjoy stunning coastal views, swimming stops, and a relaxing day on the Mediterranean. No license needed.\" \/>\n<meta property=\"og:url\" content=\"https:\/\/rutasmarbella.com\/fr\/produit\/libertad-boat-tour-marbella\/\" \/>\n<meta property=\"og:site_name\" content=\"Rutas Marbella\" \/>\n<meta property=\"article:modified_time\" content=\"2026-03-11T15:41:42+00:00\" \/>\n<meta property=\"og:image\" content=\"https:\/\/rutasmarbella.com\/wp-content\/uploads\/2026\/02\/boat-tourmarbella-boat-tour-copy.webp\" \/>\n\t<meta property=\"og:image:width\" content=\"1920\" \/>\n\t<meta property=\"og:image:height\" content=\"1072\" \/>\n\t<meta property=\"og:image:type\" content=\"image\/webp\" \/>\n<meta name=\"twitter:card\" content=\"summary_large_image\" \/>\n<meta name=\"twitter:label1\" content=\"Dur\u00e9e de lecture estim\u00e9e\" \/>\n\t<meta name=\"twitter:data1\" content=\"1 minute\" \/>\n<script type=\"application\/ld+json\" class=\"yoast-schema-graph\">{\"@context\":\"https:\/\/schema.org\",\"@graph\":[{\"@type\":\"WebPage\",\"@id\":\"https:\/\/rutasmarbella.com\/product\/libertad-boat-tour-marbella\/\",\"url\":\"https:\/\/rutasmarbella.com\/product\/libertad-boat-tour-marbella\/\",\"name\":\"Libertad Boat Tour with Sea Ray 220 SD - Rutas Marbella\",\"isPartOf\":{\"@id\":\"https:\/\/rutasmarbella.com\/#website\"},\"primaryImageOfPage\":{\"@id\":\"https:\/\/rutasmarbella.com\/product\/libertad-boat-tour-marbella\/#primaryimage\"},\"image\":{\"@id\":\"https:\/\/rutasmarbella.com\/product\/libertad-boat-tour-marbella\/#primaryimage\"},\"thumbnailUrl\":\"https:\/\/rutasmarbella.com\/wp-content\/uploads\/2026\/02\/boat-tourmarbella-boat-tour-copy.webp\",\"datePublished\":\"2026-02-26T16:42:10+00:00\",\"dateModified\":\"2026-03-11T15:41:42+00:00\",\"breadcrumb\":{\"@id\":\"https:\/\/rutasmarbella.com\/product\/libertad-boat-tour-marbella\/#breadcrumb\"},\"inLanguage\":\"fr-FR\",\"potentialAction\":[{\"@type\":\"ReadAction\",\"target\":[\"https:\/\/rutasmarbella.com\/product\/libertad-boat-tour-marbella\/\"]}]},{\"@type\":\"ImageObject\",\"inLanguage\":\"fr-FR\",\"@id\":\"https:\/\/rutasmarbella.com\/product\/libertad-boat-tour-marbella\/#primaryimage\",\"url\":\"https:\/\/rutasmarbella.com\/wp-content\/uploads\/2026\/02\/boat-tourmarbella-boat-tour-copy.webp\",\"contentUrl\":\"https:\/\/rutasmarbella.com\/wp-content\/uploads\/2026\/02\/boat-tourmarbella-boat-tour-copy.webp\",\"width\":1920,\"height\":1072},{\"@type\":\"BreadcrumbList\",\"@id\":\"https:\/\/rutasmarbella.com\/product\/libertad-boat-tour-marbella\/#breadcrumb\",\"itemListElement\":[{\"@type\":\"ListItem\",\"position\":1,\"name\":\"Home\",\"item\":\"https:\/\/rutasmarbella.com\/\"},{\"@type\":\"ListItem\",\"position\":2,\"name\":\"Products\",\"item\":\"https:\/\/rutasmarbella.com\/shop\/\"},{\"@type\":\"ListItem\",\"position\":3,\"name\":\"Libertad Boat Tour with Sea Ray 220 SD\"}]},{\"@type\":\"WebSite\",\"@id\":\"https:\/\/rutasmarbella.com\/#website\",\"url\":\"https:\/\/rutasmarbella.com\/\",\"name\":\"Rutas Marbella\",\"description\":\"Quad and boat tours\",\"publisher\":{\"@id\":\"https:\/\/rutasmarbella.com\/#organization\"},\"potentialAction\":[{\"@type\":\"SearchAction\",\"target\":{\"@type\":\"EntryPoint\",\"urlTemplate\":\"https:\/\/rutasmarbella.com\/?s={search_term_string}\"},\"query-input\":{\"@type\":\"PropertyValueSpecification\",\"valueRequired\":true,\"valueName\":\"search_term_string\"}}],\"inLanguage\":\"fr-FR\"},{\"@type\":\"Organization\",\"@id\":\"https:\/\/rutasmarbella.com\/#organization\",\"name\":\"Rutas Marbella\",\"url\":\"https:\/\/rutasmarbella.com\/\",\"logo\":{\"@type\":\"ImageObject\",\"inLanguage\":\"fr-FR\",\"@id\":\"https:\/\/rutasmarbella.com\/#\/schema\/logo\/image\/\",\"url\":\"https:\/\/rutasmarbella.com\/wp-content\/uploads\/2026\/03\/cropped-logo-rutas.png\",\"contentUrl\":\"https:\/\/rutasmarbella.com\/wp-content\/uploads\/2026\/03\/cropped-logo-rutas.png\",\"width\":200,\"height\":219,\"caption\":\"Rutas Marbella\"},\"image\":{\"@id\":\"https:\/\/rutasmarbella.com\/#\/schema\/logo\/image\/\"}}]}<\/script>\n<!-- \/ Yoast SEO plugin. -->","yoast_head_json":{"title":"Libertad Boat Tour with Sea Ray 220 SD - Rutas Marbella","robots":{"index":"index","follow":"follow","max-snippet":"max-snippet:-1","max-image-preview":"max-image-preview:large","max-video-preview":"max-video-preview:-1"},"canonical":"https:\/\/rutasmarbella.com\/fr\/produit\/libertad-boat-tour-marbella\/","og_locale":"fr_FR","og_type":"article","og_title":"Libertad Boat Tour with Sea Ray 220 SD - Rutas Marbella","og_description":"Explore the Costa del Sol from the sea on a private boat tour in Marbella. Enjoy stunning coastal views, swimming stops, and a relaxing day on the Mediterranean. No license needed.","og_url":"https:\/\/rutasmarbella.com\/fr\/produit\/libertad-boat-tour-marbella\/","og_site_name":"Rutas Marbella","article_modified_time":"2026-03-11T15:41:42+00:00","og_image":[{"width":1920,"height":1072,"url":"https:\/\/rutasmarbella.com\/wp-content\/uploads\/2026\/02\/boat-tourmarbella-boat-tour-copy.webp","type":"image\/webp"}],"twitter_card":"summary_large_image","twitter_misc":{"Dur\u00e9e de lecture estim\u00e9e":"1 minute"},"schema":{"@context":"https:\/\/schema.org","@graph":[{"@type":"WebPage","@id":"https:\/\/rutasmarbella.com\/product\/libertad-boat-tour-marbella\/","url":"https:\/\/rutasmarbella.com\/product\/libertad-boat-tour-marbella\/","name":"Libertad Boat Tour with Sea Ray 220 SD - Rutas Marbella","isPartOf":{"@id":"https:\/\/rutasmarbella.com\/#website"},"primaryImageOfPage":{"@id":"https:\/\/rutasmarbella.com\/product\/libertad-boat-tour-marbella\/#primaryimage"},"image":{"@id":"https:\/\/rutasmarbella.com\/product\/libertad-boat-tour-marbella\/#primaryimage"},"thumbnailUrl":"https:\/\/rutasmarbella.com\/wp-content\/uploads\/2026\/02\/boat-tourmarbella-boat-tour-copy.webp","datePublished":"2026-02-26T16:42:10+00:00","dateModified":"2026-03-11T15:41:42+00:00","breadcrumb":{"@id":"https:\/\/rutasmarbella.com\/product\/libertad-boat-tour-marbella\/#breadcrumb"},"inLanguage":"fr-FR","potentialAction":[{"@type":"ReadAction","target":["https:\/\/rutasmarbella.com\/product\/libertad-boat-tour-marbella\/"]}]},{"@type":"ImageObject","inLanguage":"fr-FR","@id":"https:\/\/rutasmarbella.com\/product\/libertad-boat-tour-marbella\/#primaryimage","url":"https:\/\/rutasmarbella.com\/wp-content\/uploads\/2026\/02\/boat-tourmarbella-boat-tour-copy.webp","contentUrl":"https:\/\/rutasmarbella.com\/wp-content\/uploads\/2026\/02\/boat-tourmarbella-boat-tour-copy.webp","width":1920,"height":1072},{"@type":"BreadcrumbList","@id":"https:\/\/rutasmarbella.com\/product\/libertad-boat-tour-marbella\/#breadcrumb","itemListElement":[{"@type":"ListItem","position":1,"name":"Home","item":"https:\/\/rutasmarbella.com\/"},{"@type":"ListItem","position":2,"name":"Products","item":"https:\/\/rutasmarbella.com\/shop\/"},{"@type":"ListItem","position":3,"name":"Libertad Boat Tour with Sea Ray 220 SD"}]},{"@type":"WebSite","@id":"https:\/\/rutasmarbella.com\/#website","url":"https:\/\/rutasmarbella.com\/","name":"Routes Marbella","description":"Quad and boat tours","publisher":{"@id":"https:\/\/rutasmarbella.com\/#organization"},"potentialAction":[{"@type":"SearchAction","target":{"@type":"EntryPoint","urlTemplate":"https:\/\/rutasmarbella.com\/?s={search_term_string}"},"query-input":{"@type":"PropertyValueSpecification","valueRequired":true,"valueName":"search_term_string"}}],"inLanguage":"fr-FR"},{"@type":"Organization","@id":"https:\/\/rutasmarbella.com\/#organization","name":"Routes Marbella","url":"https:\/\/rutasmarbella.com\/","logo":{"@type":"ImageObject","inLanguage":"fr-FR","@id":"https:\/\/rutasmarbella.com\/#\/schema\/logo\/image\/","url":"https:\/\/rutasmarbella.com\/wp-content\/uploads\/2026\/03\/cropped-logo-rutas.png","contentUrl":"https:\/\/rutasmarbella.com\/wp-content\/uploads\/2026\/03\/cropped-logo-rutas.png","width":200,"height":219,"caption":"Rutas Marbella"},"image":{"@id":"https:\/\/rutasmarbella.com\/#\/schema\/logo\/image\/"}}]}},"acf":[],"_links":{"self":[{"href":"https:\/\/rutasmarbella.com\/fr\/wp-json\/wp\/v2\/product\/6389","targetHints":{"allow":["GET"]}}],"collection":[{"href":"https:\/\/rutasmarbella.com\/fr\/wp-json\/wp\/v2\/product"}],"about":[{"href":"https:\/\/rutasmarbella.com\/fr\/wp-json\/wp\/v2\/types\/product"}],"wp:featuredmedia":[{"embeddable":true,"href":"https:\/\/rutasmarbella.com\/fr\/wp-json\/wp\/v2\/media\/6436"}],"wp:attachment":[{"href":"https:\/\/rutasmarbella.com\/fr\/wp-json\/wp\/v2\/media?parent=6389"}],"wp:term":[{"taxonomy":"product_brand","embeddable":true,"href":"https:\/\/rutasmarbella.com\/fr\/wp-json\/wp\/v2\/product_brand?post=6389"},{"taxonomy":"product_cat","embeddable":true,"href":"https:\/\/rutasmarbella.com\/fr\/wp-json\/wp\/v2\/product_cat?post=6389"},{"taxonomy":"product_tag","embeddable":true,"href":"https:\/\/rutasmarbella.com\/fr\/wp-json\/wp\/v2\/product_tag?post=6389"}],"curies":[{"name":"wp","href":"https:\/\/api.w.org\/{rel}","templated":true}]}}